{"id":3,"date":"2020-11-02T04:00:32","date_gmt":"2020-11-02T04:00:32","guid":{"rendered":"http:\/\/frontrangecleaning.com\/?page_id=3"},"modified":"2025-06-27T19:45:08","modified_gmt":"2025-06-27T19:45:08","slug":"privacy-policy","status":"publish","type":"page","link":"https:\/\/frontrangecleaning.com\/es\/privacy-policy\/","title":{"rendered":"Pol\u00edtica de Privacidad"},"content":{"rendered":"<div data-elementor-type=\"wp-page\" data-elementor-id=\"3\" class=\"elementor elementor-3\" data-elementor-post-type=\"page\">\n\t\t\t\t\t\t<section class=\"elementor-section elementor-top-section elementor-element elementor-element-673ac58e elementor-section-height-min-height elementor-section-boxed elementor-section-height-default elementor-section-items-middle\" data-id=\"673ac58e\" data-element_type=\"section\" data-e-type=\"section\" data-settings=\"{&quot;background_background&quot;:&quot;gradient&quot;}\">\n\t\t\t\t\t\t\t<div class=\"elementor-background-overlay\"><\/div>\n\t\t\t\t\t\t\t<div class=\"elementor-container elementor-column-gap-no\">\n\t\t\t\t\t<div class=\"elementor-column elementor-col-100 elementor-top-column elementor-element elementor-element-692b22cd\" data-id=\"692b22cd\" data-element_type=\"column\" data-e-type=\"column\">\n\t\t\t<div class=\"elementor-widget-wrap elementor-element-populated\">\n\t\t\t\t\t\t<div class=\"elementor-element elementor-element-23dea02a elementor-widget elementor-widget-heading\" data-id=\"23dea02a\" data-element_type=\"widget\" data-e-type=\"widget\" data-widget_type=\"heading.default\">\n\t\t\t\t<div class=\"elementor-widget-container\">\n\t\t\t\t\t<h1 class=\"elementor-heading-title elementor-size-default\">Pol\u00edtica de Privacidad<\/h1>\t\t\t\t<\/div>\n\t\t\t\t<\/div>\n\t\t\t\t\t<\/div>\n\t\t<\/div>\n\t\t\t\t\t<\/div>\n\t\t<\/section>\n\t\t\t\t<section class=\"elementor-section elementor-top-section elementor-element elementor-element-24dca885 elementor-section-boxed elementor-section-height-default elementor-section-height-default\" data-id=\"24dca885\" data-element_type=\"section\" data-e-type=\"section\" data-settings=\"{&quot;background_background&quot;:&quot;classic&quot;}\">\n\t\t\t\t\t\t<div class=\"elementor-container elementor-column-gap-default\">\n\t\t\t\t\t<div class=\"elementor-column elementor-col-100 elementor-top-column elementor-element elementor-element-50de26e3\" data-id=\"50de26e3\" data-element_type=\"column\" data-e-type=\"column\" data-settings=\"{&quot;background_background&quot;:&quot;classic&quot;}\">\n\t\t\t<div class=\"elementor-widget-wrap elementor-element-populated\">\n\t\t\t\t\t\t<div class=\"elementor-element elementor-element-3d1f020 elementor-widget elementor-widget-text-editor\" data-id=\"3d1f020\" data-element_type=\"widget\" data-e-type=\"widget\" data-widget_type=\"text-editor.default\">\n\t\t\t\t<div class=\"elementor-widget-container\">\n\t\t\t\t\t\t\t\t\t<p>Bienvenido a nuestra Pol\u00edtica de Privacidad<\/p><p>- Su privacidad es de vital importancia para nosotros.<\/p><p>Frontrange Move Out House Cleaning Services is located at:<\/p><p>Frontrange Move Out House Cleaning Services<\/p><p>,<\/p><p>(858) 223-6633<\/p><p>It is Frontrange Move Out House Cleaning Services\u2019 policy to respect your privacy regarding any information we may collect while operating our website. This Privacy Policy applies to https:\/\/frontrangecleaning.com\/ \u00a0(hereinafter, &#8220;us&#8221;, &#8220;we&#8221;, or &#8220;https:\/\/frontrangecleaning.com\/ &#8220;). We respect your privacy and are committed to protecting personally identifiable information you may provide us through the Website. We have adopted this privacy policy (&#8220;Privacy Policy&#8221;) to explain what information may be collected on our Website, how we use this information, and under what circumstances we may disclose the information to third parties. This Privacy Policy applies only to information we collect through the Website and does not apply to our collection of information from other sources.<\/p><p>This Privacy Policy, together with the Terms of service posted on our Website, set forth the general rules and policies governing your use of our Website. Depending on your activities when visiting our Website, you may be required to agree to additional terms of service.Frontrange Move Out House Cleaning Services<\/p>\t\t\t\t\t\t\t\t<\/div>\n\t\t\t\t<\/div>\n\t\t\t\t<div class=\"elementor-element elementor-element-81838b7 elementor-widget elementor-widget-heading\" data-id=\"81838b7\" data-element_type=\"widget\" data-e-type=\"widget\" data-widget_type=\"heading.default\">\n\t\t\t\t<div class=\"elementor-widget-container\">\n\t\t\t\t\t<h2 class=\"elementor-heading-title elementor-size-default\">Visitantes del sitio web<\/h2>\t\t\t\t<\/div>\n\t\t\t\t<\/div>\n\t\t\t\t<div class=\"elementor-element elementor-element-aa870a7 elementor-widget elementor-widget-text-editor\" data-id=\"aa870a7\" data-element_type=\"widget\" data-e-type=\"widget\" data-widget_type=\"text-editor.default\">\n\t\t\t\t<div class=\"elementor-widget-container\">\n\t\t\t\t\t\t\t\t\t<p>Like most website operators, Frontrange Move Out House Cleaning Services collects non-personally-identifying information of the sort that web browsers and servers typically make available, such as the browser type, language preference, referring site, and the date and time of each visitor request. Frontrange Move Out House Cleaning Services\u2019 purpose in collecting non-personally identifying information is to better understand how Frontrange Cleaning\u2019 visitors use its website. From time to time, Frontrange Move Out House Cleaning Services may release non-personally-identifying information in the aggregate, e.g., by publishing a report on trends in the usage of its website.<\/p><p>Frontrange Move Out House Cleaning Services also collects potentially personally-identifying information like Internet Protocol (IP) addresses for logged in users and for users leaving comments on https:\/\/frontrangecleaning.com\/ \u00a0blog posts. Frontrange Move Out House Cleaning Services only discloses logged in user and commenter IP addresses under the same circumstances that it uses and discloses personally-identifying information as described below.<\/p>\t\t\t\t\t\t\t\t<\/div>\n\t\t\t\t<\/div>\n\t\t\t\t<div class=\"elementor-element elementor-element-70137e2 elementor-widget elementor-widget-heading\" data-id=\"70137e2\" data-element_type=\"widget\" data-e-type=\"widget\" data-widget_type=\"heading.default\">\n\t\t\t\t<div class=\"elementor-widget-container\">\n\t\t\t\t\t<h2 class=\"elementor-heading-title elementor-size-default\">Recopilaci\u00f3n de informaci\u00f3n de identificaci\u00f3n personal<\/h2>\t\t\t\t<\/div>\n\t\t\t\t<\/div>\n\t\t\t\t<div class=\"elementor-element elementor-element-bdcbc9c elementor-widget elementor-widget-text-editor\" data-id=\"bdcbc9c\" data-element_type=\"widget\" data-e-type=\"widget\" data-widget_type=\"text-editor.default\">\n\t\t\t\t<div class=\"elementor-widget-container\">\n\t\t\t\t\t\t\t\t\t<p>Certain visitors to Frontrange Move Out House Cleaning Services\u2019 websites choose to interact with Frontrange Move Out House Cleaning Services in ways that require Frontrange Move Out House Cleaning Services to gather personally-identifying information. The amount and type of information that Frontrange Move Out House Cleaning Services gathers depends on the nature of the interaction. For example, we ask visitors who sign up for a blog at https:\/\/frontrangecleaning.com\/ \u00a0to provide a username and email address.<\/p>\t\t\t\t\t\t\t\t<\/div>\n\t\t\t\t<\/div>\n\t\t\t\t<div class=\"elementor-element elementor-element-49429b0 elementor-widget elementor-widget-heading\" data-id=\"49429b0\" data-element_type=\"widget\" data-e-type=\"widget\" data-widget_type=\"heading.default\">\n\t\t\t\t<div class=\"elementor-widget-container\">\n\t\t\t\t\t<h2 class=\"elementor-heading-title elementor-size-default\">Seguridad<\/h2>\t\t\t\t<\/div>\n\t\t\t\t<\/div>\n\t\t\t\t<div class=\"elementor-element elementor-element-346e598 elementor-widget elementor-widget-text-editor\" data-id=\"346e598\" data-element_type=\"widget\" data-e-type=\"widget\" data-widget_type=\"text-editor.default\">\n\t\t\t\t<div class=\"elementor-widget-container\">\n\t\t\t\t\t\t\t\t\t<p>La seguridad de su informaci\u00f3n personal es importante para nosotros, pero recuerde que ning\u00fan m\u00e9todo de transmisi\u00f3n a trav\u00e9s de Internet o m\u00e9todo de almacenamiento electr\u00f3nico es 100% seguro. Si bien nos esforzamos por utilizar medios comercialmente aceptables para proteger su informaci\u00f3n personal, no podemos garantizar su seguridad absoluta.<\/p>\t\t\t\t\t\t\t\t<\/div>\n\t\t\t\t<\/div>\n\t\t\t\t<div class=\"elementor-element elementor-element-02b3c8f elementor-widget elementor-widget-heading\" data-id=\"02b3c8f\" data-element_type=\"widget\" data-e-type=\"widget\" data-widget_type=\"heading.default\">\n\t\t\t\t<div class=\"elementor-widget-container\">\n\t\t\t\t\t<h2 class=\"elementor-heading-title elementor-size-default\">Anuncios<\/h2>\t\t\t\t<\/div>\n\t\t\t\t<\/div>\n\t\t\t\t<div class=\"elementor-element elementor-element-596c72d elementor-widget elementor-widget-text-editor\" data-id=\"596c72d\" data-element_type=\"widget\" data-e-type=\"widget\" data-widget_type=\"text-editor.default\">\n\t\t\t\t<div class=\"elementor-widget-container\">\n\t\t\t\t\t\t\t\t\t<p>Ads appearing on our website may be delivered to users by advertising partners, who may set cookies. These cookies allow the ad server to recognize your computer each time they send you an online advertisement to compile information about you or others who use your computer. This information allows ad networks to, among other things, deliver targeted advertisements that they believe will be of most interest to you. This Privacy Policy covers the use of cookies by Frontrange Move Out House Cleaning Services and does not cover the use of cookies by any advertisers.<\/p>\t\t\t\t\t\t\t\t<\/div>\n\t\t\t\t<\/div>\n\t\t\t\t<div class=\"elementor-element elementor-element-b2cfa3d elementor-widget elementor-widget-heading\" data-id=\"b2cfa3d\" data-element_type=\"widget\" data-e-type=\"widget\" data-widget_type=\"heading.default\">\n\t\t\t\t<div class=\"elementor-widget-container\">\n\t\t\t\t\t<h2 class=\"elementor-heading-title elementor-size-default\">Enlaces a Sitios Externos<\/h2>\t\t\t\t<\/div>\n\t\t\t\t<\/div>\n\t\t\t\t<div class=\"elementor-element elementor-element-c8da604 elementor-widget elementor-widget-text-editor\" data-id=\"c8da604\" data-element_type=\"widget\" data-e-type=\"widget\" data-widget_type=\"text-editor.default\">\n\t\t\t\t<div class=\"elementor-widget-container\">\n\t\t\t\t\t\t\t\t\t<p>Nuestro Servicio puede contener enlaces a sitios externos que no son operados por nosotros. Si hace clic en el enlace de un tercero, se lo dirigir\u00e1 al sitio de ese tercero. Le recomendamos encarecidamente que revise la Pol\u00edtica de privacidad y los t\u00e9rminos de servicio de cada sitio que visite.<\/p><p>No tenemos control ni asumimos ninguna responsabilidad por el contenido, las pol\u00edticas de privacidad o las pr\u00e1cticas de sitios, productos o servicios de terceros.<\/p>\t\t\t\t\t\t\t\t<\/div>\n\t\t\t\t<\/div>\n\t\t\t\t<div class=\"elementor-element elementor-element-2b53d80 elementor-widget elementor-widget-heading\" data-id=\"2b53d80\" data-element_type=\"widget\" data-e-type=\"widget\" data-widget_type=\"heading.default\">\n\t\t\t\t<div class=\"elementor-widget-container\">\n\t\t\t\t\t<h2 class=\"elementor-heading-title elementor-size-default\">Estad\u00edsticas Agregadas<\/h2>\t\t\t\t<\/div>\n\t\t\t\t<\/div>\n\t\t\t\t<div class=\"elementor-element elementor-element-66b2d6b elementor-widget elementor-widget-text-editor\" data-id=\"66b2d6b\" data-element_type=\"widget\" data-e-type=\"widget\" data-widget_type=\"text-editor.default\">\n\t\t\t\t<div class=\"elementor-widget-container\">\n\t\t\t\t\t\t\t\t\t<p>Frontrange Move Out House Cleaning Services may collect statistics about the behavior of visitors to its website. Frontrange Move Out House Cleaning Services may display this information publicly or provide it to others. However, Frontrange Move Out House Cleaning Services does not disclose your personally-identifying information.<\/p>\t\t\t\t\t\t\t\t<\/div>\n\t\t\t\t<\/div>\n\t\t\t\t<div class=\"elementor-element elementor-element-947bc6e elementor-widget elementor-widget-heading\" data-id=\"947bc6e\" data-element_type=\"widget\" data-e-type=\"widget\" data-widget_type=\"heading.default\">\n\t\t\t\t<div class=\"elementor-widget-container\">\n\t\t\t\t\t<h2 class=\"elementor-heading-title elementor-size-default\">Galletas<\/h2>\t\t\t\t<\/div>\n\t\t\t\t<\/div>\n\t\t\t\t<div class=\"elementor-element elementor-element-780b3d1 elementor-widget elementor-widget-text-editor\" data-id=\"780b3d1\" data-element_type=\"widget\" data-e-type=\"widget\" data-widget_type=\"text-editor.default\">\n\t\t\t\t<div class=\"elementor-widget-container\">\n\t\t\t\t\t\t\t\t\t<p>To enrich and perfect your online experience, Frontrange Move Out House Cleaning Services uses &#8220;Cookies&#8221;, similar technologies and services provided by others to display personalized content, appropriate advertising and store your preferences on your computer.<\/p><p>A cookie is a string of information that a website stores on a visitor&#8217;s computer, and that the visitor&#8217;s browser provides to the website each time the visitor returns. Frontrange Move Out House Cleaning Services uses cookies to help Frontrange Move Out House Cleaning Services identify and track visitors, their usage of https:\/\/frontrangecleaning.com\/ , and their website access preferences. Frontrange Move Out House Cleaning Services visitors who do not wish to have cookies placed on their computers should set their browsers to refuse cookies before using Frontrange Move Out House Cleaning Services\u2019 websites, with the drawback that certain features of Frontrange Move Out House Cleaning Services\u2019 websites may not function properly without the aid of cookies.<\/p><p>By continuing to navigate our website without changing your cookie settings, you hereby acknowledge and agree to Frontrange Move Out House Cleaning Services\u2019 use of cookies.<\/p>\t\t\t\t\t\t\t\t<\/div>\n\t\t\t\t<\/div>\n\t\t\t\t<div class=\"elementor-element elementor-element-85afa4d elementor-widget elementor-widget-heading\" data-id=\"85afa4d\" data-element_type=\"widget\" data-e-type=\"widget\" data-widget_type=\"heading.default\">\n\t\t\t\t<div class=\"elementor-widget-container\">\n\t\t\t\t\t<h2 class=\"elementor-heading-title elementor-size-default\">Cambios en la pol\u00edtica de privacidad<\/h2>\t\t\t\t<\/div>\n\t\t\t\t<\/div>\n\t\t\t\t<div class=\"elementor-element elementor-element-08d8a3e elementor-widget elementor-widget-text-editor\" data-id=\"08d8a3e\" data-element_type=\"widget\" data-e-type=\"widget\" data-widget_type=\"text-editor.default\">\n\t\t\t\t<div class=\"elementor-widget-container\">\n\t\t\t\t\t\t\t\t\t<p>Although most changes are likely to be minor, Frontrange Move Out House Cleaning Services may change its Privacy Policy from time to time, and in Frontrange Move Out House Cleaning Services\u2019 sole discretion. Frontrange Move Out House Cleaning Services encourages visitors to frequently check this page for any changes to its Privacy Policy. Your continued use of this site after any change in this Privacy Policy will constitute your acceptance of such change.<\/p>\t\t\t\t\t\t\t\t<\/div>\n\t\t\t\t<\/div>\n\t\t\t\t\t<\/div>\n\t\t<\/div>\n\t\t\t\t\t<\/div>\n\t\t<\/section>\n\t\t\t\t<\/div>","protected":false},"excerpt":{"rendered":"<p>Privacy Policy Welcome to our Privacy Policy &#8212; Your privacy is critically important to us. Frontrange Move Out House Cleaning Services is located at: Frontrange Move Out House Cleaning Services , (858) 223-6633 It is Frontrange Move Out House Cleaning Services\u2019 policy to respect your privacy regarding any information we may collect while operating our&#8230;<\/p>","protected":false},"author":1,"featured_media":0,"parent":0,"menu_order":0,"comment_status":"closed","ping_status":"open","template":"elementor_header_footer","meta":{"_kad_post_transparent":"","_kad_post_title":"hide","_kad_post_layout":"fullwidth","_kad_post_sidebar_id":"","_kad_post_content_style":"unboxed","_kad_post_vertical_padding":"hide","_kad_post_feature":"hide","_kad_post_feature_position":"","_kad_post_header":false,"_kad_post_footer":false,"_kad_post_classname":"","_metasync_otto_title":"Frontrange Cleaning Privacy Policy: Your Privacy Matters","_metasync_otto_description":"Frontrange Cleaning safeguards your privacy. Discover our data practices and security measures. Read our comprehensive Privacy Policy.","_metasync_otto_keywords":"Frontrange Move Out House Cleaning Services, move out cleaning, house cleaning, privacy policy, cleaning services, home cleaning","_metasync_otto_og_title":"","_metasync_otto_og_description":"Learn how Frontrange Move Out House Cleaning Services keeps your information safe. Read our Privacy Policy for details on our data security practices!","_metasync_otto_twitter_title":"","_metasync_otto_twitter_description":"Learn how Frontrange Move Out House Cleaning Services keeps your information safe. Read our Privacy Policy for details on our data security practices!","rank_math_title":"Frontrange Cleaning Privacy Policy: Your Privacy Matters","rank_math_description":"Frontrange Cleaning safeguards your privacy. Discover our data practices and security measures. Read our comprehensive Privacy Policy.","_yoast_wpseo_title":"","_yoast_wpseo_metadesc":"Frontrange Cleaning respects your privacy. Learn about our data handling practices and how we keep your information secure. Read our Privacy Policy now!","_aioseo_title":"","_aioseo_description":"","_metasync_seo_title":"","_metasync_seo_desc":"","_metasync_primary_product_cat":0,"_metasync_otto_disabled":"","_metasync_breadcrumb_title":"","_metasync_primary_category":0,"footnotes":""},"class_list":["post-3","page","type-page","status-publish","hentry"],"_links":{"self":[{"href":"https:\/\/frontrangecleaning.com\/es\/wp-json\/wp\/v2\/pages\/3","targetHints":{"allow":["GET"]}}],"collection":[{"href":"https:\/\/frontrangecleaning.com\/es\/wp-json\/wp\/v2\/pages"}],"about":[{"href":"https:\/\/frontrangecleaning.com\/es\/wp-json\/wp\/v2\/types\/page"}],"author":[{"embeddable":true,"href":"https:\/\/frontrangecleaning.com\/es\/wp-json\/wp\/v2\/users\/1"}],"replies":[{"embeddable":true,"href":"https:\/\/frontrangecleaning.com\/es\/wp-json\/wp\/v2\/comments?post=3"}],"version-history":[{"count":11,"href":"https:\/\/frontrangecleaning.com\/es\/wp-json\/wp\/v2\/pages\/3\/revisions"}],"predecessor-version":[{"id":3567,"href":"https:\/\/frontrangecleaning.com\/es\/wp-json\/wp\/v2\/pages\/3\/revisions\/3567"}],"wp:attachment":[{"href":"https:\/\/frontrangecleaning.com\/es\/wp-json\/wp\/v2\/media?parent=3"}],"curies":[{"name":"wp","href":"https:\/\/api.w.org\/{rel}","templated":true}]}}