{"id":9,"date":"2020-11-03T03:07:04","date_gmt":"2020-11-03T03:07:04","guid":{"rendered":"http:\/\/frontrangecleaning.com\/?page_id=9"},"modified":"2025-06-27T19:45:17","modified_gmt":"2025-06-27T19:45:17","slug":"terms-and-conditions","status":"publish","type":"page","link":"https:\/\/frontrangecleaning.com\/es\/terms-and-conditions\/","title":{"rendered":"T\u00e9rminos y Condiciones"},"content":{"rendered":"<div data-elementor-type=\"wp-page\" data-elementor-id=\"9\" class=\"elementor elementor-9\" data-elementor-post-type=\"page\">\n\t\t\t\t\t\t<section class=\"elementor-section elementor-top-section elementor-element elementor-element-3ba79876 elementor-section-height-min-height elementor-section-boxed elementor-section-height-default elementor-section-items-middle\" data-id=\"3ba79876\" data-element_type=\"section\" data-e-type=\"section\" data-settings=\"{&quot;background_background&quot;:&quot;gradient&quot;}\">\n\t\t\t\t\t\t\t<div class=\"elementor-background-overlay\"><\/div>\n\t\t\t\t\t\t\t<div class=\"elementor-container elementor-column-gap-no\">\n\t\t\t\t\t<div class=\"elementor-column elementor-col-100 elementor-top-column elementor-element elementor-element-4749560\" data-id=\"4749560\" data-element_type=\"column\" data-e-type=\"column\">\n\t\t\t<div class=\"elementor-widget-wrap elementor-element-populated\">\n\t\t\t\t\t\t<div class=\"elementor-element elementor-element-1deae892 elementor-widget elementor-widget-heading\" data-id=\"1deae892\" data-element_type=\"widget\" data-e-type=\"widget\" data-widget_type=\"heading.default\">\n\t\t\t\t<div class=\"elementor-widget-container\">\n\t\t\t\t\t<h1 class=\"elementor-heading-title elementor-size-default\">T\u00e9rminos y Condiciones<\/h1>\t\t\t\t<\/div>\n\t\t\t\t<\/div>\n\t\t\t\t\t<\/div>\n\t\t<\/div>\n\t\t\t\t\t<\/div>\n\t\t<\/section>\n\t\t\t\t<section class=\"elementor-section elementor-top-section elementor-element elementor-element-5c949dcc elementor-section-boxed elementor-section-height-default elementor-section-height-default\" data-id=\"5c949dcc\" data-element_type=\"section\" data-e-type=\"section\" data-settings=\"{&quot;background_background&quot;:&quot;classic&quot;}\">\n\t\t\t\t\t\t<div class=\"elementor-container elementor-column-gap-default\">\n\t\t\t\t\t<div class=\"elementor-column elementor-col-100 elementor-top-column elementor-element elementor-element-9439058\" data-id=\"9439058\" data-element_type=\"column\" data-e-type=\"column\" data-settings=\"{&quot;background_background&quot;:&quot;classic&quot;}\">\n\t\t\t<div class=\"elementor-widget-wrap elementor-element-populated\">\n\t\t\t\t\t\t<div class=\"elementor-element elementor-element-c1b83ac elementor-widget elementor-widget-heading\" data-id=\"c1b83ac\" data-element_type=\"widget\" data-e-type=\"widget\" data-widget_type=\"heading.default\">\n\t\t\t\t<div class=\"elementor-widget-container\">\n\t\t\t\t\t<h2 class=\"elementor-heading-title elementor-size-default\">Welcome to Frontrange Move Out House Cleaning Services<\/h2>\t\t\t\t<\/div>\n\t\t\t\t<\/div>\n\t\t\t\t<div class=\"elementor-element elementor-element-e2a6488 elementor-widget elementor-widget-text-editor\" data-id=\"e2a6488\" data-element_type=\"widget\" data-e-type=\"widget\" data-widget_type=\"text-editor.default\">\n\t\t\t\t<div class=\"elementor-widget-container\">\n\t\t\t\t\t\t\t\t\t<p>These terms of service outline the rules and regulations for the use of Frontrange Move Out House Cleaning Services Website.<\/p><p>Frontrange Move Out House Cleaning Services is located at:<\/p><p>\u00a0<\/p><p>By accessing this website, we assume you accept these terms of service in full. Do not continue to use Frontrange Move Out House Cleaning Services website if you do not accept all of the terms of service stated on this page. The following terminology applies to these Terms of Service, Privacy Statement and Disclaimer Notice and any or all Agreements: &#8220;Client&#8221;, &#8220;You&#8221; and &#8220;Your&#8221; refers to you, the person accessing this website and accepting the Company&#8217;s terms of service. &#8220;The Company&#8221;, &#8220;Ourselves&#8221;, &#8220;We&#8221;, &#8220;Our&#8221; and &#8220;Us&#8221;, refers to our Company. &#8220;Party&#8221;, &#8220;Parties&#8221;, or &#8220;Us&#8221;, refers to both the Client and ourselves, or either the Client or ourselves. All terms refer to the offer, acceptance and consideration of payment necessary to undertake the process of our assistance to the Client in the most appropriate manner, whether by formal meetings of a fixed duration, or any other means, for the express purpose of meeting the Client&#8217;s needs in respect of provision of the Company&#8217;s stated services\/products, in accordance with and subject to, prevailing law of . Any use of the above terminology or other words in the singular, plural, capitalisation and\/or he\/she or they, are taken as interchangeable and therefore as referring to same.<\/p>\t\t\t\t\t\t\t\t<\/div>\n\t\t\t\t<\/div>\n\t\t\t\t<div class=\"elementor-element elementor-element-0d69025 elementor-widget elementor-widget-heading\" data-id=\"0d69025\" data-element_type=\"widget\" data-e-type=\"widget\" data-widget_type=\"heading.default\">\n\t\t\t\t<div class=\"elementor-widget-container\">\n\t\t\t\t\t<h2 class=\"elementor-heading-title elementor-size-default\">Galletas<\/h2>\t\t\t\t<\/div>\n\t\t\t\t<\/div>\n\t\t\t\t<div class=\"elementor-element elementor-element-32482db elementor-widget elementor-widget-text-editor\" data-id=\"32482db\" data-element_type=\"widget\" data-e-type=\"widget\" data-widget_type=\"text-editor.default\">\n\t\t\t\t<div class=\"elementor-widget-container\">\n\t\t\t\t\t\t\t\t\t<p>We employ the use of cookies. By using Frontrange Move Out House Cleaning Services website you consent to the use of cookies in accordance with Frontrange Move Out House Cleaning Services privacy policy. Most of the modern day interactive web sites use cookies to enable us to retrieve user details for each visit. Cookies are used in some areas of our site to enable the functionality of this area and ease of use for those people visiting. Some of our affiliate \/ advertising partners may also use cookies.<\/p>\t\t\t\t\t\t\t\t<\/div>\n\t\t\t\t<\/div>\n\t\t\t\t<div class=\"elementor-element elementor-element-351c5a1 elementor-widget elementor-widget-heading\" data-id=\"351c5a1\" data-element_type=\"widget\" data-e-type=\"widget\" data-widget_type=\"heading.default\">\n\t\t\t\t<div class=\"elementor-widget-container\">\n\t\t\t\t\t<h2 class=\"elementor-heading-title elementor-size-default\">Licencia<\/h2>\t\t\t\t<\/div>\n\t\t\t\t<\/div>\n\t\t\t\t<div class=\"elementor-element elementor-element-d79007a elementor-widget elementor-widget-text-editor\" data-id=\"d79007a\" data-element_type=\"widget\" data-e-type=\"widget\" data-widget_type=\"text-editor.default\">\n\t\t\t\t<div class=\"elementor-widget-container\">\n\t\t\t\t\t\t\t\t\t<p>Unless otherwise stated, Frontrange Move Out House Cleaning Services and\/or it&#8217;s licensors own the intellectual property rights for all material on Frontrange Move Out House Cleaning Services. All intellectual property rights are reserved. You may view and\/or print pages from http:\/\/frontrangecleaning.com\/\/ for your own personal use subject to restrictions set in these terms of service.<\/p><p>\u00a0\u00a0\u00a0\u00a0\u00a0\u00a0\u00a0\u00a0\u00a0\u00a0\u00a0\u00a0\u00a0\u00a0\u00a0 No debes:<\/p><ol><li>Vuelva a publicar material de http:\/\/frontrangecleaning.com\/\/<\/li><li>Vender, alquilar o sublicenciar material de http:\/\/frontrangecleaning.com\/\/<\/li><li>Reproducir, duplicar o copiar material de http:\/\/frontrangecleaning.com\/\/<\/li><li>Redistribute content from Frontrange Move Out House Cleaning Services (unless content is specifically made for redistribution).<\/li><\/ol>\t\t\t\t\t\t\t\t<\/div>\n\t\t\t\t<\/div>\n\t\t\t\t<div class=\"elementor-element elementor-element-d896047 elementor-widget elementor-widget-heading\" data-id=\"d896047\" data-element_type=\"widget\" data-e-type=\"widget\" data-widget_type=\"heading.default\">\n\t\t\t\t<div class=\"elementor-widget-container\">\n\t\t\t\t\t<h2 class=\"elementor-heading-title elementor-size-default\">Hiperv\u00ednculos a nuestro contenido<\/h2>\t\t\t\t<\/div>\n\t\t\t\t<\/div>\n\t\t\t\t<div class=\"elementor-element elementor-element-e6b287d elementor-widget elementor-widget-text-editor\" data-id=\"e6b287d\" data-element_type=\"widget\" data-e-type=\"widget\" data-widget_type=\"text-editor.default\">\n\t\t\t\t<div class=\"elementor-widget-container\">\n\t\t\t\t\t\t\t\t\t<p>Las siguientes organizaciones pueden vincularse a nuestro sitio web sin aprobaci\u00f3n previa por escrito:<\/p><ol><li>Agencias gubernamentales;<\/li><li>Los motores de b\u00fasqueda;<\/li><li>Organizaciones de noticias;<\/li><li>Los distribuidores de directorios en l\u00ednea, cuando nos incluyen en el directorio, pueden vincularse a nuestro sitio web de la misma manera que hacen hiperv\u00ednculos a los sitios web de otras empresas que figuran en la lista; y<\/li><li>Empresas acreditadas en todo el sistema, excepto las organizaciones sin fines de lucro, los centros comerciales de caridad y los grupos de recaudaci\u00f3n de fondos de caridad que no pueden hacer hiperv\u00ednculos a nuestro sitio web.<\/li><\/ol><p>\u00a0\u00a0\u00a0\u00a0\u00a0\u00a0\u00a0\u00a0\u00a0\u00a0\u00a0\u00a0\u00a0\u00a0\u00a0 Estas organizaciones pueden enlazar a nuestra p\u00e1gina de inicio, a publicaciones oa otra informaci\u00f3n del sitio web siempre que el enlace:<\/p><p>(a) No es en absoluto enga\u00f1oso; <br \/>(b) no implica falsamente patrocinio, respaldo o aprobaci\u00f3n de la parte vinculante y sus productos o servicios; y <br \/>(c) encaja en el contexto del sitio de la parte vinculante.<\/p><p>\u00a0<\/p><p>\u00a0\u00a0\u00a0\u00a0\u00a0\u00a0\u00a0\u00a0\u00a0\u00a0\u00a0\u00a0\u00a0\u00a0\u00a0 Podemos considerar y aprobar, a nuestro exclusivo criterio, otras solicitudes de enlaces de los siguientes tipos de organizaciones:<\/p><ol><li>fuentes de informaci\u00f3n de consumidores y \/ o empresas com\u00fanmente conocidas, como las C\u00e1maras de Comercio, la Asociaci\u00f3n Estadounidense del Autom\u00f3vil, AARP y Consumers Union;<\/li><li>sitios de la comunidad com;<\/li><li>asociaciones u otros grupos que representan organizaciones ben\u00e9ficas, incluidos sitios de donaciones ben\u00e9ficas, distribuidores de directorios en l\u00ednea;<\/li><li>portales de internet;<\/li><li>firmas de contabilidad, derecho y consultor\u00eda cuyos principales clientes son empresas; e instituciones educativas y asociaciones comerciales.<\/li><\/ol><p>\u00a0\u00a0\u00a0\u00a0\u00a0\u00a0\u00a0\u00a0\u00a0\u00a0\u00a0\u00a0\u00a0\u00a0\u00a0 Aprobaremos las solicitudes de enlace de estas organizaciones si determinamos que:<\/p><p>(a) el v\u00ednculo no se reflejar\u00eda desfavorablemente en nosotros o en nuestras empresas acreditadas (por ejemplo, no se permitir\u00e1 vincular asociaciones comerciales u otras organizaciones que representen tipos de negocios inherentemente sospechosos, como oportunidades de trabajo desde casa); <br \/>(b) la organizaci\u00f3n no tiene un historial insatisfactorio con nosotros; <br \/>(c) the benefit to us from the visibility associated with the hyperlink outweighs the absence of Frontrange Move Out House Cleaning Services; and <br \/>(d) cuando el enlace est\u00e1 en el contexto de informaci\u00f3n general de recursos o es consistente con el contenido editorial de un bolet\u00edn o producto similar que promueve la misi\u00f3n de la organizaci\u00f3n.<\/p><p>\u00a0<\/p><p>\u00a0\u00a0\u00a0\u00a0\u00a0\u00a0\u00a0\u00a0\u00a0\u00a0\u00a0\u00a0\u00a0\u00a0\u00a0 Estas organizaciones pueden enlazar a nuestra p\u00e1gina de inicio, a publicaciones oa otra informaci\u00f3n del sitio web siempre que el enlace:<\/p><p>(a) No es en absoluto enga\u00f1oso; <br \/>(b) no implica falsamente patrocinio, respaldo o aprobaci\u00f3n de la parte vinculante y sus productos o servicios; y <br \/>(c) encaja en el contexto del sitio de la parte vinculante.<\/p><p>\u00a0<\/p><p>\u00a0\u00a0\u00a0\u00a0\u00a0\u00a0\u00a0\u00a0\u00a0\u00a0\u00a0\u00a0\u00a0\u00a0\u00a0 Si se encuentra entre las organizaciones enumeradas en el p\u00e1rrafo 2 anterior y est\u00e1 interesado en vincularse a nuestro sitio web, debe notificarnos enviando un correo electr\u00f3nico a josh@jbldigitalmarketing.co. Incluya su nombre, el nombre de su organizaci\u00f3n, la informaci\u00f3n de contacto (como un n\u00famero de tel\u00e9fono y \/ o direcci\u00f3n de correo electr\u00f3nico), as\u00ed como la URL de su sitio, una lista de las URL desde las que desea vincular a nuestro sitio web, y una lista de las URL en nuestro sitio a las que le gustar\u00eda vincularse. Espere 2-3 semanas para recibir una respuesta.<\/p><p>\u00a0<\/p><p>\u00a0\u00a0\u00a0\u00a0\u00a0\u00a0\u00a0\u00a0\u00a0\u00a0\u00a0\u00a0\u00a0\u00a0\u00a0 Las organizaciones aprobadas pueden hacer hiperv\u00ednculos a nuestro sitio web de la siguiente manera:<\/p><ol><li>Mediante el uso de nuestra raz\u00f3n social; o<\/li><li>Mediante el uso del localizador uniforme de recursos (direcci\u00f3n web) al que se vincula; o<\/li><li>Mediante el uso de cualquier otra descripci\u00f3n de nuestro sitio web o material vinculado que tenga sentido dentro del contexto y formato del contenido en el sitio de la parte vinculante.<\/li><\/ol><p>\u00a0\u00a0\u00a0\u00a0\u00a0\u00a0\u00a0\u00a0\u00a0\u00a0\u00a0\u00a0\u00a0\u00a0\u00a0 No use of Frontrange Move Out House Cleaning Services logo or other artwork will be allowed for linking absent a trademark license agreement.<\/p>\t\t\t\t\t\t\t\t<\/div>\n\t\t\t\t<\/div>\n\t\t\t\t<div class=\"elementor-element elementor-element-1258c45 elementor-widget elementor-widget-heading\" data-id=\"1258c45\" data-element_type=\"widget\" data-e-type=\"widget\" data-widget_type=\"heading.default\">\n\t\t\t\t<div class=\"elementor-widget-container\">\n\t\t\t\t\t<h2 class=\"elementor-heading-title elementor-size-default\">Iframes<\/h2>\t\t\t\t<\/div>\n\t\t\t\t<\/div>\n\t\t\t\t<div class=\"elementor-element elementor-element-bcddc49 elementor-widget elementor-widget-text-editor\" data-id=\"bcddc49\" data-element_type=\"widget\" data-e-type=\"widget\" data-widget_type=\"text-editor.default\">\n\t\t\t\t<div class=\"elementor-widget-container\">\n\t\t\t\t\t\t\t\t\t<p>Without prior approval and express written permission, you may not create frames around our Web pages or use other techniques that alter in any way the visual presentation or appearance of our Web site.<\/p>\t\t\t\t\t\t\t\t<\/div>\n\t\t\t\t<\/div>\n\t\t\t\t<div class=\"elementor-element elementor-element-4b62a3c elementor-widget elementor-widget-heading\" data-id=\"4b62a3c\" data-element_type=\"widget\" data-e-type=\"widget\" data-widget_type=\"heading.default\">\n\t\t\t\t<div class=\"elementor-widget-container\">\n\t\t\t\t\t<h2 class=\"elementor-heading-title elementor-size-default\">Reserva de derechos<\/h2>\t\t\t\t<\/div>\n\t\t\t\t<\/div>\n\t\t\t\t<div class=\"elementor-element elementor-element-dcfee45 elementor-widget elementor-widget-text-editor\" data-id=\"dcfee45\" data-element_type=\"widget\" data-e-type=\"widget\" data-widget_type=\"text-editor.default\">\n\t\t\t\t<div class=\"elementor-widget-container\">\n\t\t\t\t\t\t\t\t\t<p>Nos reservamos el derecho en cualquier momento y a su sola discreci\u00f3n de solicitar que elimine todos los enlaces o cualquier enlace en particular a nuestro sitio web. Usted acepta eliminar de inmediato todos los enlaces a nuestro sitio web cuando lo solicite. Tambi\u00e9n nos reservamos el derecho de modificar estos t\u00e9rminos de servicio y su pol\u00edtica de enlaces en cualquier momento.<\/p><p>Al continuar con el enlace a nuestro sitio web, usted acepta estar vinculado y cumplir con estos t\u00e9rminos de servicio de enlace.<\/p>\t\t\t\t\t\t\t\t<\/div>\n\t\t\t\t<\/div>\n\t\t\t\t<div class=\"elementor-element elementor-element-3924055 elementor-widget elementor-widget-heading\" data-id=\"3924055\" data-element_type=\"widget\" data-e-type=\"widget\" data-widget_type=\"heading.default\">\n\t\t\t\t<div class=\"elementor-widget-container\">\n\t\t\t\t\t<h2 class=\"elementor-heading-title elementor-size-default\">Eliminaci\u00f3n de enlaces de nuestro sitio web<\/h2>\t\t\t\t<\/div>\n\t\t\t\t<\/div>\n\t\t\t\t<div class=\"elementor-element elementor-element-a6ae988 elementor-widget elementor-widget-text-editor\" data-id=\"a6ae988\" data-element_type=\"widget\" data-e-type=\"widget\" data-widget_type=\"text-editor.default\">\n\t\t\t\t<div class=\"elementor-widget-container\">\n\t\t\t\t\t\t\t\t\t<p>Si encuentra alg\u00fan enlace en nuestro sitio web o cualquier sitio web vinculado objetable por cualquier motivo, puede comunicarse con nosotros al respecto. Consideraremos las solicitudes para eliminar enlaces, pero no tendremos la obligaci\u00f3n de hacerlo ni de responderle directamente.<\/p><p>Si bien nos esforzamos por garantizar que la informaci\u00f3n de este sitio web sea correcta, no garantizamos que est\u00e9 completa o exacta; tampoco nos comprometemos a garantizar que el sitio web permanezca disponible o que el material del sitio web se mantenga actualizado.<\/p>\t\t\t\t\t\t\t\t<\/div>\n\t\t\t\t<\/div>\n\t\t\t\t<div class=\"elementor-element elementor-element-cc914ea elementor-widget elementor-widget-heading\" data-id=\"cc914ea\" data-element_type=\"widget\" data-e-type=\"widget\" data-widget_type=\"heading.default\">\n\t\t\t\t<div class=\"elementor-widget-container\">\n\t\t\t\t\t<h2 class=\"elementor-heading-title elementor-size-default\">Responsabilidad del contenido<\/h2>\t\t\t\t<\/div>\n\t\t\t\t<\/div>\n\t\t\t\t<div class=\"elementor-element elementor-element-78bdde2 elementor-widget elementor-widget-text-editor\" data-id=\"78bdde2\" data-element_type=\"widget\" data-e-type=\"widget\" data-widget_type=\"text-editor.default\">\n\t\t\t\t<div class=\"elementor-widget-container\">\n\t\t\t\t\t\t\t\t\t<p>No tendremos ninguna responsabilidad por cualquier contenido que aparezca en su sitio web. Usted acepta indemnizarnos y defendernos contra todas las reclamaciones que surjan o se basen en su sitio web. Ning\u00fan enlace (s) puede aparecer en ninguna p\u00e1gina de su sitio web o dentro de cualquier contexto que contenga contenido o materiales que puedan interpretarse como difamatorios, obscenos o criminales, o que infrinjan, violen o defiendan la infracci\u00f3n u otra violaci\u00f3n de cualquier derechos de terceros.<\/p>\t\t\t\t\t\t\t\t<\/div>\n\t\t\t\t<\/div>\n\t\t\t\t<div class=\"elementor-element elementor-element-a0dfb22 elementor-widget elementor-widget-heading\" data-id=\"a0dfb22\" data-element_type=\"widget\" data-e-type=\"widget\" data-widget_type=\"heading.default\">\n\t\t\t\t<div class=\"elementor-widget-container\">\n\t\t\t\t\t<h2 class=\"elementor-heading-title elementor-size-default\">Descargo de responsabilidad<\/h2>\t\t\t\t<\/div>\n\t\t\t\t<\/div>\n\t\t\t\t<div class=\"elementor-element elementor-element-8f73f6a elementor-widget elementor-widget-text-editor\" data-id=\"8f73f6a\" data-element_type=\"widget\" data-e-type=\"widget\" data-widget_type=\"text-editor.default\">\n\t\t\t\t<div class=\"elementor-widget-container\">\n\t\t\t\t\t\t\t\t\t<p>En la medida m\u00e1xima permitida por la ley aplicable, excluimos todas las representaciones, garant\u00edas y condiciones relacionadas con nuestro sitio web y el uso de este sitio web (incluidas, entre otras, las garant\u00edas impl\u00edcitas por ley con respecto a la calidad satisfactoria, idoneidad para el prop\u00f3sito y \/ o el uso de un cuidado y habilidad razonables). Nada en este descargo de responsabilidad:<\/p><ol><li>limitar o excluir nuestra responsabilidad o la suya por muerte o lesiones personales resultantes de negligencia;<\/li><li>limitar o excluir nuestra responsabilidad o la suya por fraude o tergiversaci\u00f3n fraudulenta;<\/li><li>limitar cualquiera de nuestras responsabilidades o las suyas de cualquier manera que no est\u00e9 permitida por la ley aplicable; o<\/li><li>excluir cualquiera de nuestras responsabilidades o las suyas que no puedan estar excluidas seg\u00fan la ley aplicable.<\/li><\/ol><p>\u00a0\u00a0\u00a0\u00a0\u00a0\u00a0\u00a0\u00a0\u00a0\u00a0\u00a0\u00a0\u00a0\u00a0\u00a0<\/p><p>\u00a0\u00a0\u00a0\u00a0\u00a0\u00a0\u00a0\u00a0\u00a0\u00a0\u00a0\u00a0\u00a0\u00a0\u00a0 Las limitaciones y exclusiones de responsabilidad establecidas en esta Secci\u00f3n y en otras partes de este descargo de responsabilidad:<\/p><p>(a) est\u00e1n sujetos al p\u00e1rrafo anterior; y <br \/>(b) regir\u00e1 todas las responsabilidades que surjan en virtud del descargo de responsabilidad o en relaci\u00f3n con el objeto de este descargo de responsabilidad, incluidas las responsabilidades que surjan en el contrato, en agravio (incluida la negligencia) y por incumplimiento de la obligaci\u00f3n legal.<\/p><p>\u00a0<\/p><p>\u00a0En la medida en que el sitio web y la informaci\u00f3n y los servicios en el sitio web se proporcionen de forma gratuita, no seremos responsables de ninguna p\u00e9rdida o da\u00f1o de cualquier naturaleza.<\/p>\t\t\t\t\t\t\t\t<\/div>\n\t\t\t\t<\/div>\n\t\t\t\t<div class=\"elementor-element elementor-element-b6e9ff3 elementor-widget elementor-widget-heading\" data-id=\"b6e9ff3\" data-element_type=\"widget\" data-e-type=\"widget\" data-widget_type=\"heading.default\">\n\t\t\t\t<div class=\"elementor-widget-container\">\n\t\t\t\t\t<h2 class=\"elementor-heading-title elementor-size-default\">Credit &amp; Contact Information<\/h2>\t\t\t\t<\/div>\n\t\t\t\t<\/div>\n\t\t\t\t<div class=\"elementor-element elementor-element-8a16ef6 elementor-widget elementor-widget-text-editor\" data-id=\"8a16ef6\" data-element_type=\"widget\" data-e-type=\"widget\" data-widget_type=\"text-editor.default\">\n\t\t\t\t<div class=\"elementor-widget-container\">\n\t\t\t\t\t\t\t\t\t<p>Esta p\u00e1gina de T\u00e9rminos de servicio se cre\u00f3 en privacygenerator.net. Si tiene alguna consulta sobre alguno de nuestros t\u00e9rminos, comun\u00edquese con nosotros.<\/p>\t\t\t\t\t\t\t\t<\/div>\n\t\t\t\t<\/div>\n\t\t\t\t\t<\/div>\n\t\t<\/div>\n\t\t\t\t\t<\/div>\n\t\t<\/section>\n\t\t\t\t<\/div>","protected":false},"excerpt":{"rendered":"<p>Terms and Conditions Welcome to Frontrange Move Out House Cleaning Services These terms of service outline the rules and regulations for the use of Frontrange Move Out House Cleaning Services Website. Frontrange Move Out House Cleaning Services is located at: \u00a0 By accessing this website, we assume you accept these terms of service in full&#8230;.<\/p>","protected":false},"author":1,"featured_media":0,"parent":0,"menu_order":0,"comment_status":"closed","ping_status":"closed","template":"elementor_header_footer","meta":{"_kad_post_transparent":"","_kad_post_title":"hide","_kad_post_layout":"fullwidth","_kad_post_sidebar_id":"","_kad_post_content_style":"unboxed","_kad_post_vertical_padding":"hide","_kad_post_feature":"hide","_kad_post_feature_position":"","_kad_post_header":false,"_kad_post_footer":false,"_kad_post_classname":"","_metasync_otto_title":"House Cleaning Agreement - Frontrange Cleaning Services","_metasync_otto_description":"Explore our comprehensive policies for a seamless move-out cleaning. Understand our Terms and Conditions for a hassle-free experience. Learn more today.","_metasync_otto_keywords":"Frontrange Move Out House Cleaning Services, terms, conditions, privacy, disclaimer, agreement, website, services","_metasync_otto_og_title":"","_metasync_otto_og_description":"Discover stress-free move-out cleaning policies at FrontRange Move Out House Cleaning. Find peace of mind with our Terms & Conditions for a smooth experience.","_metasync_otto_twitter_title":"","_metasync_otto_twitter_description":"Discover stress-free move-out cleaning policies at FrontRange Move Out House Cleaning. Find peace of mind with our Terms & Conditions for a smooth experience.","rank_math_title":"House Cleaning Agreement - Frontrange Cleaning Services","rank_math_description":"Explore our comprehensive policies for a seamless move-out cleaning. Understand our Terms and Conditions for a hassle-free experience. Learn more today.","_yoast_wpseo_title":"","_yoast_wpseo_metadesc":"Discover our policies for a stress-free move-out cleaning. Read FrontRange Move Out House Cleaning's Terms & Conditions for a smooth experience. Learn more now!","_aioseo_title":"","_aioseo_description":"","_metasync_seo_title":"","_metasync_seo_desc":"","_metasync_primary_product_cat":0,"_metasync_otto_disabled":"","_metasync_breadcrumb_title":"","_metasync_primary_category":0,"footnotes":""},"class_list":["post-9","page","type-page","status-publish","hentry"],"_links":{"self":[{"href":"https:\/\/frontrangecleaning.com\/es\/wp-json\/wp\/v2\/pages\/9","targetHints":{"allow":["GET"]}}],"collection":[{"href":"https:\/\/frontrangecleaning.com\/es\/wp-json\/wp\/v2\/pages"}],"about":[{"href":"https:\/\/frontrangecleaning.com\/es\/wp-json\/wp\/v2\/types\/page"}],"author":[{"embeddable":true,"href":"https:\/\/frontrangecleaning.com\/es\/wp-json\/wp\/v2\/users\/1"}],"replies":[{"embeddable":true,"href":"https:\/\/frontrangecleaning.com\/es\/wp-json\/wp\/v2\/comments?post=9"}],"version-history":[{"count":7,"href":"https:\/\/frontrangecleaning.com\/es\/wp-json\/wp\/v2\/pages\/9\/revisions"}],"predecessor-version":[{"id":3570,"href":"https:\/\/frontrangecleaning.com\/es\/wp-json\/wp\/v2\/pages\/9\/revisions\/3570"}],"wp:attachment":[{"href":"https:\/\/frontrangecleaning.com\/es\/wp-json\/wp\/v2\/media?parent=9"}],"curies":[{"name":"wp","href":"https:\/\/api.w.org\/{rel}","templated":true}]}}